{"id":289,"date":"2012-05-14T18:17:11","date_gmt":"2012-05-14T18:17:11","guid":{"rendered":"http:\/\/www.ff-muehlbach.at\/WordPress\/?page_id=289"},"modified":"2012-05-14T18:20:48","modified_gmt":"2012-05-14T18:20:48","slug":"einsatzgebiet","status":"publish","type":"page","link":"http:\/\/www.ff-muehlbach.at\/WordPress\/?page_id=289","title":{"rendered":"Einsatzgebiet"},"content":{"rendered":"<p>Einsatzgebiet der FF-M\u00fchlbach<\/p>\n<p>Das Einsatzgebeit der Freiwilligen Feuerwehr M\u00fchlbach umfasste bis zum Jahr 1973 die Gemeinde M\u00fchlbach und Ronthal.<br \/>\nIm Jahr 1973 l\u00f6ste sich die Freiwillige Feuerwehr Olbersdorf auf und die Gemeinde Olbersdorf wurde der FF-M\u00fchlbach als Einsatzgebiet zugeteilt. Seit diesem Zeitpunkt setzt sich die Feuerwehr aus Freiwilligen der Katastralgemeinden M\u00fchlbach, Ronthal und Olbersdorf zusammen.<br \/>\nUnser Einsatzgebiet hat eine Fl\u00e4che von 14,84 km\/2 und ist das gr\u00f6\u00dfte in der Gro\u00dfgemeinde Hohenwarth-M\u00fchlbach.<\/p>\n<table border=\"0\">\n<tbody>\n<tr>\n<td>ngg_shortcode_0_placeholder<\/td>\n<td>ngg_shortcode_1_placeholder<\/td>\n<\/tr>\n<tr>\n<td>Einsatzgebiet<\/td>\n<td>Einsatzgebiet<\/td>\n<\/tr>\n<\/tbody>\n<\/table>\n<p>&nbsp;<\/p>\n","protected":false},"excerpt":{"rendered":"<p>Einsatzgebiet der FF-M\u00fchlbach Das Einsatzgebeit der Freiwilligen Feuerwehr M\u00fchlbach umfasste bis zum Jahr 1973 die Gemeinde M\u00fchlbach und Ronthal. Im Jahr 1973 l\u00f6ste sich die Freiwillige Feuerwehr Olbersdorf auf und die Gemeinde Olbersdorf wurde der FF-M\u00fchlbach als Einsatzgebiet zugeteilt. Seit diesem Zeitpunkt setzt sich die Feuerwehr aus Freiwilligen der Katastralgemeinden M\u00fchlbach, Ronthal und Olbersdorf zusammen. &hellip; <a href=\"http:\/\/www.ff-muehlbach.at\/WordPress\/?page_id=289\" class=\"more-link\"><span class=\"screen-reader-text\">Einsatzgebiet<\/span> weiterlesen <span class=\"meta-nav\">&rarr;<\/span><\/a><\/p>\n","protected":false},"author":1,"featured_media":0,"parent":36,"menu_order":0,"comment_status":"closed","ping_status":"open","template":"","meta":{"ngg_post_thumbnail":0,"footnotes":""},"class_list":["post-289","page","type-page","status-publish","hentry"],"_links":{"self":[{"href":"http:\/\/www.ff-muehlbach.at\/WordPress\/index.php?rest_route=\/wp\/v2\/pages\/289","targetHints":{"allow":["GET"]}}],"collection":[{"href":"http:\/\/www.ff-muehlbach.at\/WordPress\/index.php?rest_route=\/wp\/v2\/pages"}],"about":[{"href":"http:\/\/www.ff-muehlbach.at\/WordPress\/index.php?rest_route=\/wp\/v2\/types\/page"}],"author":[{"embeddable":true,"href":"http:\/\/www.ff-muehlbach.at\/WordPress\/index.php?rest_route=\/wp\/v2\/users\/1"}],"replies":[{"embeddable":true,"href":"http:\/\/www.ff-muehlbach.at\/WordPress\/index.php?rest_route=%2Fwp%2Fv2%2Fcomments&post=289"}],"version-history":[{"count":7,"href":"http:\/\/www.ff-muehlbach.at\/WordPress\/index.php?rest_route=\/wp\/v2\/pages\/289\/revisions"}],"predecessor-version":[{"id":297,"href":"http:\/\/www.ff-muehlbach.at\/WordPress\/index.php?rest_route=\/wp\/v2\/pages\/289\/revisions\/297"}],"up":[{"embeddable":true,"href":"http:\/\/www.ff-muehlbach.at\/WordPress\/index.php?rest_route=\/wp\/v2\/pages\/36"}],"wp:attachment":[{"href":"http:\/\/www.ff-muehlbach.at\/WordPress\/index.php?rest_route=%2Fwp%2Fv2%2Fmedia&parent=289"}],"curies":[{"name":"wp","href":"https:\/\/api.w.org\/{rel}","templated":true}]}}