{"id":222,"date":"2012-05-14T17:41:15","date_gmt":"2012-05-14T17:41:15","guid":{"rendered":"http:\/\/www.ff-muehlbach.at\/WordPress\/?page_id=222"},"modified":"2012-05-14T18:03:08","modified_gmt":"2012-05-14T18:03:08","slug":"gruendung","status":"publish","type":"page","link":"http:\/\/www.ff-muehlbach.at\/WordPress\/?page_id=222","title":{"rendered":"Gr\u00fcndung"},"content":{"rendered":"<p>Die Freiwillige Feuerwehr M\u00fchlbach wurde am 15.August 1898 gegr\u00fcndet.<br \/>\nDie Erstsitzung mit Wahl des Kommandos fand am 11.September 1898 statt.<br \/>\nErster Kommandant wurde Herr Waldsch\u00fctz Franz und sein Stellvertreter Herr Merkl Rudolf.<\/p>\n<table style=\"width: 666px; height: 99px;\" border=\"0\" align=\"center\">\n<thead>\n<tr>\n<td style=\"text-align: center; border-color: #ffffff; border-style: solid; border-width: 1px;\">ngg_shortcode_0_placeholder<\/td>\n<td style=\"text-align: center; border-color: #ffffff; border-style: solid; border-width: 1px;\"><\/td>\n<td style=\"text-align: center; border-color: #ffffff; border-style: solid; border-width: 1px;\">ngg_shortcode_1_placeholder<\/td>\n<\/tr>\n<tr>\n<td style=\"text-align: center; border-color: #ffffff; border-style: solid; border-width: 1px;\">Original Gr\u00fcndungsurkunde aus dem Jahr 1898<\/td>\n<td style=\"text-align: center; border-color: #ffffff; border-style: solid; border-width: 1px;\"><\/td>\n<td style=\"text-align: center; border-color: #ffffff; border-style: solid; border-width: 1px;\">Gr\u00fcndungsprotokoll aus dem Jahr 1898<\/td>\n<\/tr>\n<tr>\n<td style=\"border-color: #ffffff; border-style: solid; border-width: 1px; text-align: left;\" colspan=\"3\">ngg_shortcode_2_placeholder<\/td>\n<\/tr>\n<tr>\n<td style=\"border-color: #ffffff; border-style: solid; border-width: 1px; text-align: left;\" colspan=\"3\">Gr\u00fcndungsfest der FF-M\u00fchlbach am 17.Juni 1900<\/td>\n<\/tr>\n<\/thead>\n<\/table>\n","protected":false},"excerpt":{"rendered":"<p>Die Freiwillige Feuerwehr M\u00fchlbach wurde am 15.August 1898 gegr\u00fcndet. Die Erstsitzung mit Wahl des Kommandos fand am 11.September 1898 statt. Erster Kommandant wurde Herr Waldsch\u00fctz Franz und sein Stellvertreter Herr Merkl Rudolf. Original Gr\u00fcndungsurkunde aus dem Jahr 1898 Gr\u00fcndungsprotokoll aus dem Jahr 1898 Gr\u00fcndungsfest der FF-M\u00fchlbach am 17.Juni 1900<\/p>\n","protected":false},"author":1,"featured_media":0,"parent":130,"menu_order":0,"comment_status":"closed","ping_status":"open","template":"","meta":{"ngg_post_thumbnail":0,"footnotes":""},"class_list":["post-222","page","type-page","status-publish","hentry"],"_links":{"self":[{"href":"http:\/\/www.ff-muehlbach.at\/WordPress\/index.php?rest_route=\/wp\/v2\/pages\/222","targetHints":{"allow":["GET"]}}],"collection":[{"href":"http:\/\/www.ff-muehlbach.at\/WordPress\/index.php?rest_route=\/wp\/v2\/pages"}],"about":[{"href":"http:\/\/www.ff-muehlbach.at\/WordPress\/index.php?rest_route=\/wp\/v2\/types\/page"}],"author":[{"embeddable":true,"href":"http:\/\/www.ff-muehlbach.at\/WordPress\/index.php?rest_route=\/wp\/v2\/users\/1"}],"replies":[{"embeddable":true,"href":"http:\/\/www.ff-muehlbach.at\/WordPress\/index.php?rest_route=%2Fwp%2Fv2%2Fcomments&post=222"}],"version-history":[{"count":37,"href":"http:\/\/www.ff-muehlbach.at\/WordPress\/index.php?rest_route=\/wp\/v2\/pages\/222\/revisions"}],"predecessor-version":[{"id":284,"href":"http:\/\/www.ff-muehlbach.at\/WordPress\/index.php?rest_route=\/wp\/v2\/pages\/222\/revisions\/284"}],"up":[{"embeddable":true,"href":"http:\/\/www.ff-muehlbach.at\/WordPress\/index.php?rest_route=\/wp\/v2\/pages\/130"}],"wp:attachment":[{"href":"http:\/\/www.ff-muehlbach.at\/WordPress\/index.php?rest_route=%2Fwp%2Fv2%2Fmedia&parent=222"}],"curies":[{"name":"wp","href":"https:\/\/api.w.org\/{rel}","templated":true}]}}