{"id":1440,"date":"2014-08-19T15:25:56","date_gmt":"2014-08-19T13:25:56","guid":{"rendered":"http:\/\/www.ff-muehlbach.at\/WordPress\/?page_id=1440"},"modified":"2014-08-19T15:37:32","modified_gmt":"2014-08-19T13:37:32","slug":"ausbildung","status":"publish","type":"page","link":"http:\/\/www.ff-muehlbach.at\/WordPress\/?page_id=1440","title":{"rendered":"Ausbildung"},"content":{"rendered":"<p><a href=\"http:\/\/www.ff-muehlbach.at\/WordPress\/wp-content\/uploads\/ff-logo-jugend.png\"><img loading=\"lazy\" decoding=\"async\" class=\"alignnone  wp-image-1416\" src=\"http:\/\/www.ff-muehlbach.at\/WordPress\/wp-content\/uploads\/ff-logo-jugend-300x116.png\" alt=\"IMG_5802\" width=\"549\" height=\"220\" \/><\/a><\/p>\n<p><span style=\"font-family: 'Times New Roman', serif;\"><span style=\"font-size: medium;\">Die Abzeichen diversere Spiele k\u00f6nnen von 10 bis 11 j\u00e4hrigen Feuerwehrmitgliedern erworben werden. <\/span><\/span><\/p>\n<table border=\"0\" width=\"605\" cellspacing=\"0\" cellpadding=\"0\">\n<tbody>\n<tr>\n<td width=\"110\">\u00a0<img loading=\"lazy\" decoding=\"async\" class=\"alignnone size-medium wp-image-1443\" src=\"http:\/\/www.ff-muehlbach.at\/WordPress\/wp-content\/uploads\/erste-hilfe-spiel.png\" alt=\"erste hilfe spiel\" width=\"68\" height=\"100\" \/><\/td>\n<td width=\"495\"><span style=\"font-family: 'Times New Roman', serif;\"><span style=\"font-size: medium;\"><i><b>Feuerwehrsicherheit und Erste Hilfe &#8211; Spiel<\/b><\/i><\/span><\/span><span style=\"font-family: 'Times New Roman', serif;\"><span style=\"font-size: medium;\"><br \/>\nDabei muss das 10 bis 11j\u00e4hrige Mitglied der Feuerwehrjugend folgende Kenntnisse nachweisen: <\/span><\/span>\uf0b7 <span style=\"font-family: 'Times New Roman', serif;\"><span style=\"font-size: medium;\">Unfallverh\u00fctung in der Feuerwehrjugend <\/span><\/span>\uf0b7 <span style=\"font-family: 'Times New Roman', serif;\"><span style=\"font-size: medium;\">Sicherheit in der Feuerwehrjugend <\/span><\/span>\uf0b7 <span style=\"font-family: 'Times New Roman', serif;\"><span style=\"font-size: medium;\">Erste Hilfe in der Feuerwehrjugend<\/span><\/span>\uf0b7 <span style=\"font-family: 'Times New Roman', serif;\"><span style=\"font-size: medium;\">Erste Hilfe-Ma\u00dfnahmen<br \/>\nNach positiver Absolvierung erh\u00e4lt der Jugendliche das Abzeichen &#8220;Feuerwehrsicherheit und Erste Hilfe &#8211; Spiel&#8221;.<\/span><\/span><\/td>\n<\/tr>\n<tr>\n<td width=\"110\">\u00a0<img loading=\"lazy\" decoding=\"async\" class=\"alignnone size-medium wp-image-1448\" src=\"http:\/\/www.ff-muehlbach.at\/WordPress\/wp-content\/uploads\/melder-spiel.png\" alt=\"melder spiel\" width=\"67\" height=\"100\" \/><\/td>\n<td width=\"495\"><span style=\"font-family: 'Times New Roman', serif;\"><span style=\"font-size: medium;\"><i><b>Melder &#8211; Spiel<\/b><\/i><\/span><\/span><span style=\"font-family: 'Times New Roman', serif;\"><span style=\"font-size: medium;\"><br \/>\nDabei werden vom 10 bis 11 j\u00e4hrigem Feuerwehrmitglied folgende Kenntnisse gepr\u00fcft: <\/span><\/span>\uf0b7 <span style=\"font-family: 'Times New Roman', serif;\"><span style=\"font-size: medium;\">Bedeutung der Funkrufzeichen <\/span><\/span>\uf0b7 <span style=\"font-family: 'Times New Roman', serif;\"><span style=\"font-size: medium;\">Kenntnisse der Warn- und Alarmsignale<\/span><\/span>\uf0b7 <span style=\"font-family: 'Times New Roman', serif;\"><span style=\"font-size: medium;\">Praktische Bedienung des Funkger\u00e4tes <\/span><\/span>\uf0b7 <span style=\"font-family: 'Times New Roman', serif;\"><span style=\"font-size: medium;\">Absetzen einer ausgef\u00fcllten Aus-\/Einr\u00fcckmeldung<br \/>\nNach erfolgreicher Absolvierung erh\u00e4lt der Jugendliche das Abzeichen &#8220;Melder &#8211; Spiel&#8221; in Bronze.<\/span><\/span><\/td>\n<\/tr>\n<tr>\n<td width=\"110\">\u00a0<img loading=\"lazy\" decoding=\"async\" class=\"alignnone size-medium wp-image-1450\" src=\"http:\/\/www.ff-muehlbach.at\/WordPress\/wp-content\/uploads\/wasserdienst-spiel.png\" alt=\"wasserdienst spiel\" width=\"68\" height=\"100\" \/><\/td>\n<td width=\"495\"><span style=\"font-family: 'Times New Roman', serif;\"><span style=\"font-size: medium;\"><i><b>Wasserdienst &#8211; Spiel<\/b><\/i><\/span><\/span><span style=\"font-family: 'Times New Roman', serif;\"><span style=\"font-size: medium;\"><br \/>\nDabei muss das 10 bis 11 j\u00e4hrige Feuerwehrjugendmitglied \u00fcber ausreichende Schwimmkenntnisse verf\u00fcgen und nachfolge Kenntnisse werden verlangt: <\/span><\/span>\uf0b7 <span style=\"font-family: 'Times New Roman', serif;\"><span style=\"font-size: medium;\">5 Testfragen aus dem Fragenkatalog <\/span><\/span>\uf0b7 <span style=\"font-family: 'Times New Roman', serif;\"><span style=\"font-size: medium;\">Knotenkunde (Kreuzklank und Einfacher Ring)<\/span><\/span>\uf0b7 <span style=\"font-family: 'Times New Roman', serif;\"><span style=\"font-size: medium;\">Rettungsringzielwerfen <\/span><\/span>\uf0b7 <span style=\"font-family: 'Times New Roman', serif;\"><span style=\"font-size: medium;\">Puzzle Feuerwehrzille<br \/>\nNach positiver Absolvierung erh\u00e4lt der Jugendliche das Abzeichen &#8220;Wasserdienst-Spiel&#8221;. <\/span><\/span><\/td>\n<\/tr>\n<\/tbody>\n<\/table>\n<p>&nbsp;<\/p>\n<p><span style=\"font-family: 'Times New Roman', serif;\"><span style=\"font-size: medium;\">Die Fertigkeitsabzeichen k\u00f6nnen von 12 bis 15 j\u00e4hrigen Feuerwehrmitgliedern\u00a0erworben werden.<\/span><\/span><\/p>\n<table border=\"0\" width=\"605\" cellspacing=\"0\" cellpadding=\"0\">\n<tbody>\n<tr>\n<td width=\"110\">\u00a0<img loading=\"lazy\" decoding=\"async\" class=\"alignnone size-medium wp-image-1444\" src=\"http:\/\/www.ff-muehlbach.at\/WordPress\/wp-content\/uploads\/erste-hilfe.png\" alt=\"erste hilfe\" width=\"90\" height=\"89\" \/><\/td>\n<td width=\"495\"><span style=\"font-family: 'Times New Roman', serif;\"><span style=\"font-size: medium;\"><i><b>Feuerwehrsicherheit und Erste Hilfe<\/b><\/i><\/span><\/span><span style=\"font-family: 'Times New Roman', serif;\"><span style=\"font-size: medium;\"><br \/>\nDabei werden die Mitglieder in Grunds\u00e4tze der Ersten Hilfe unterwiesen, ersetzt ab nicht die vorgeschriebene 16 Stunden Erste Hilfe Ausbildung. Es werden folgende Sachgebiete des Handbuches f\u00fcr Grundausbildung gepr\u00fcft: <\/span><\/span>\uf0b7 <span style=\"font-family: 'Times New Roman', serif;\"><span style=\"font-size: medium;\">Verhalten im Brandfall <\/span><\/span>\uf0b7 <span style=\"font-family: 'Times New Roman', serif;\"><span style=\"font-size: medium;\">Verhalten bei Notf\u00e4llen <\/span><\/span>\uf0b7 <span style=\"font-family: 'Times New Roman', serif;\"><span style=\"font-size: medium;\">Unfallverh\u00fctung im Feuerwehrdienst<br \/>\nNach positiver Absolvierung erh\u00e4lt das Feuerwehrjugendmitglied das Fertigkeitsabzeichen &#8220;Feuerwehrsicherheit und Erste Hilfe&#8221;. <\/span><\/span><\/td>\n<\/tr>\n<tr>\n<td width=\"110\">\u00a0<img loading=\"lazy\" decoding=\"async\" class=\"alignnone size-medium wp-image-1445\" src=\"http:\/\/www.ff-muehlbach.at\/WordPress\/wp-content\/uploads\/Feuerwehrtechnick.png\" alt=\"Feuerwehrtechnick\" width=\"86\" height=\"89\" \/><\/td>\n<td width=\"495\"><span style=\"font-family: 'Times New Roman', serif;\"><span style=\"font-size: medium;\"><i><b>Feuerwehrtechnik<\/b><\/i><\/span><\/span><span style=\"font-family: 'Times New Roman', serif;\"><span style=\"font-size: medium;\"><br \/>\nIst ein Teil der Ausbildung und enth\u00e4lt Grundkenntnisse f\u00fcr technische Hilfeleistungen. Es wird Wissen aus nachstehenden Sachgebieten des Handbuches f\u00fcr Grundausbildung erworben: <\/span><\/span>\uf0b7 <span style=\"font-family: 'Times New Roman', serif;\"><span style=\"font-size: medium;\">Verhalten im Brandfall <\/span><\/span>\uf0b7 <span style=\"font-family: 'Times New Roman', serif;\"><span style=\"font-size: medium;\">Verhalten bei Notf\u00e4llen <\/span><\/span>\uf0b7 <span style=\"font-family: 'Times New Roman', serif;\"><span style=\"font-size: medium;\">Die Lagerung der Ger\u00e4te in den Fahrzeugen <\/span><\/span><\/p>\n<p>\uf0b7 <span style=\"font-family: 'Times New Roman', serif;\"><span style=\"font-size: medium;\">Der technische Feuerwehreinsatz<br \/>\nNach positiver Absolvierung erh\u00e4lt das Feuerwehrjugendmitglied das Fertigkeitsabzeichen &#8220;Feuerwehrtechnik&#8221;. <\/span><\/span><\/td>\n<\/tr>\n<tr>\n<td width=\"110\">\u00a0<img loading=\"lazy\" decoding=\"async\" class=\"alignnone size-medium wp-image-1449\" src=\"http:\/\/www.ff-muehlbach.at\/WordPress\/wp-content\/uploads\/Melder.png\" alt=\"Melder\" width=\"89\" height=\"89\" \/><\/td>\n<td width=\"495\"><span style=\"font-family: 'Times New Roman', serif;\"><span style=\"font-size: medium;\"><i><b>Melder<\/b><\/i><\/span><\/span><span style=\"font-family: 'Times New Roman', serif;\"><span style=\"font-size: medium;\"><br \/>\nDer Erwerb dieses Fertigkeitsabzeichens ersetzt die 4st\u00fcndige Funkgrundausbildung. Es werden nachstehende Sachgebiete des Handbuches f\u00fcr Grundausbildung erworben: <\/span><\/span>\uf0b7 <span style=\"font-family: 'Times New Roman', serif;\"><span style=\"font-size: medium;\">Funkordnung <\/span><\/span>\uf0b7 <span style=\"font-family: 'Times New Roman', serif;\"><span style=\"font-size: medium;\">Feuerwehrfunk <\/span><\/span>\uf0b7 <span style=\"font-family: 'Times New Roman', serif;\"><span style=\"font-size: medium;\">Warn- und Alarmsysteme <\/span><\/span><\/p>\n<p>\uf0b7 <span style=\"font-family: 'Times New Roman', serif;\"><span style=\"font-size: medium;\">Ger\u00e4tekunde <\/span><\/span><\/p>\n<p>\uf0b7 <span style=\"font-family: 'Times New Roman', serif;\"><span style=\"font-size: medium;\">Sprach\u00fcbungen am Funkger\u00e4t<br \/>\nNach positiver Absolvierung erh\u00e4lt das Feuerwehrjugendmitglied das Fertigkeitsabzeichen &#8220;Melder&#8221;. <\/span><\/span><\/td>\n<\/tr>\n<tr>\n<td width=\"110\">\u00a0<img loading=\"lazy\" decoding=\"async\" class=\"alignnone size-medium wp-image-1451\" src=\"http:\/\/www.ff-muehlbach.at\/WordPress\/wp-content\/uploads\/wasserdienst.png\" alt=\"wasserdienst\" width=\"89\" height=\"89\" \/><\/td>\n<td width=\"495\"><span style=\"font-family: 'Times New Roman', serif;\"><span style=\"font-size: medium;\"><i><b>Wasserdienst<\/b><\/i><\/span><\/span><span style=\"font-family: 'Times New Roman', serif;\"><span style=\"font-size: medium;\"><br \/>\nDas Abzeichen ist der Nachweis der Feuerwehrjugendausbildung im Wasserdienst. Nichtschwimmern ist die Teilnahme an diesem Fertigkeitsabzeichen verboten. Es werden die Sachgebiete gepr\u00fcft: <\/span><\/span>\uf0b7 <span style=\"font-family: 'Times New Roman', serif;\"><span style=\"font-size: medium;\">Leinen und Knoten im Feuerwehrdienst <\/span><\/span>\uf0b7 <span style=\"font-family: 'Times New Roman', serif;\"><span style=\"font-size: medium;\">Ausreichende Schwimmkenntnisse (Freischwimmerabzeichen)<br \/>\nNach positiver Absolvierung erh\u00e4lt das Feuerwehrjugendmitglied das Fertigkeitsabzeichen &#8220;Wasserdienst&#8221;. Es dient auch als Nachweis des erfolgreichen Abschlusses der Module &#8220;WD 10 &#8211; Grundlagen des Wasserdienstes und KN 10 &#8211; Leinen und Knoten in Feuerwehrdienst&#8221; <\/span><\/span><\/td>\n<\/tr>\n<\/tbody>\n<\/table>\n<p>&nbsp;<\/p>\n<p><span style=\"font-family: 'Times New Roman', serif;\"><span style=\"font-size: medium;\">Die Wissenstestabnahme erfolgt im Stationsbetrieb und ist der jeweiligen Altersstufen von 12 bis 15 Jahren angepasst.<br \/>\nDer Wissenstest der Feuerwehrjugend ist ein Teil der Ausbildung und deckt folgende Sachgebiete des Handbuches &#8220;Ausbildung 2000&#8221; f\u00fcr die Grundausbildung ab: <\/span><\/span><\/p>\n<p>\uf0b7 <span style=\"font-family: 'Times New Roman', serif;\"><span style=\"font-size: medium;\">Die Organisation in der (eigenen) Feuerwehr <\/span><\/span><\/p>\n<p>\uf0b7 <span style=\"font-family: 'Times New Roman', serif;\"><span style=\"font-size: medium;\">Verhalten im Brandfall <\/span><\/span><\/p>\n<p>\uf0b7 <span style=\"font-family: 'Times New Roman', serif;\"><span style=\"font-size: medium;\">Verhalte bei Notf\u00e4llen <\/span><\/span><\/p>\n<p>\uf0b7 <span style=\"font-family: 'Times New Roman', serif;\"><span style=\"font-size: medium;\">Ger\u00e4te und Ausr\u00fcstungen f\u00fcr den Brandeinsatz <\/span><\/span><\/p>\n<p>\uf0b7 <span style=\"font-family: 'Times New Roman', serif;\"><span style=\"font-size: medium;\">Schl\u00e4uche und Kupplungen <\/span><\/span><\/p>\n<p>\uf0b7 <span style=\"font-family: 'Times New Roman', serif;\"><span style=\"font-size: medium;\">Wasserf\u00fchrende Armaturen <\/span><\/span><\/p>\n<p>\uf0b7 <span style=\"font-family: 'Times New Roman', serif;\"><span style=\"font-size: medium;\">Sonstige Ger\u00e4te <\/span><\/span><\/p>\n<p>\uf0b7 <span style=\"font-family: 'Times New Roman', serif;\"><span style=\"font-size: medium;\">Sonderfahrzeuge und spezielle Ger\u00e4te <\/span><\/span><\/p>\n<p>\uf0b7 <span style=\"font-family: 'Times New Roman', serif;\"><span style=\"font-size: medium;\">Die L\u00f6schmittel <\/span><\/span><\/p>\n<p>\uf0b7 <span style=\"font-family: 'Times New Roman', serif;\"><span style=\"font-size: medium;\">Die Kleinl\u00f6schger\u00e4te <\/span><\/span><\/p>\n<p>\uf0b7 <span style=\"font-family: 'Times New Roman', serif;\"><span style=\"font-size: medium;\">Der technische Feuerwehreinsatz <\/span><\/span><\/p>\n<p>\uf0b7 <span style=\"font-family: 'Times New Roman', serif;\"><span style=\"font-size: medium;\">Leinen und Knoten<\/span><\/span><\/p>\n<p>Nach erfolgreicher Absolvierung, kommt beim ersten Mal das &#8220;Wissenstestabzeichen der Stufe Bronze&#8221;, beim zweiten Mal das &#8220;Wissenstestabzeichen der Stufe Silber&#8221; und beim dritten Mal das &#8220;Wissenstestabzeichen der Stufe Gold&#8221; zur Vergabe.<\/p>\n<table border=\"0\" width=\"611\" cellspacing=\"0\" cellpadding=\"1\">\n<tbody>\n<tr>\n<td width=\"202\"><\/td>\n<td width=\"201\"><\/td>\n<td width=\"202\"><\/td>\n<\/tr>\n<tr>\n<td width=\"202\">\n<p align=\"CENTER\"><span style=\"font-family: 'Times New Roman', serif;\"><span style=\"font-size: medium;\">Bronze<\/span><\/span><\/p>\n<\/td>\n<td width=\"201\">\n<p align=\"CENTER\"><span style=\"font-family: 'Times New Roman', serif;\"><span style=\"font-size: medium;\">Silber<\/span><\/span><\/p>\n<\/td>\n<td width=\"202\">\n<p align=\"CENTER\"><span style=\"font-family: 'Times New Roman', serif;\"><span style=\"font-size: medium;\">Gold<\/span><\/span><\/p>\n<\/td>\n<\/tr>\n<\/tbody>\n<\/table>\n<p lang=\"de-DE\"><img loading=\"lazy\" decoding=\"async\" class=\"alignnone  wp-image-1456\" src=\"http:\/\/www.ff-muehlbach.at\/WordPress\/wp-content\/uploads\/wissentest-bronze.png\" alt=\"wissentest bronze\" width=\"153\" height=\"65\" \/><img loading=\"lazy\" decoding=\"async\" class=\"alignnone  wp-image-1453\" src=\"http:\/\/www.ff-muehlbach.at\/WordPress\/wp-content\/uploads\/wissenstest-silber.png\" alt=\"wissenstest silber\" width=\"149\" height=\"64\" \/><img loading=\"lazy\" decoding=\"async\" class=\"alignnone  wp-image-1452\" src=\"http:\/\/www.ff-muehlbach.at\/WordPress\/wp-content\/uploads\/wissenstest-gold.png\" alt=\"wissenstest gold\" width=\"148\" height=\"65\" \/><\/p>\n<p>&nbsp;<\/p>\n<p><span style=\"font-size: large;\"><span lang=\"de-DE\">Wissenstestspiel 10 bis 12 j\u00e4hrige<\/span><\/span><\/p>\n<p lang=\"de-DE\"><img loading=\"lazy\" decoding=\"async\" class=\"alignnone size-medium wp-image-1455\" src=\"http:\/\/www.ff-muehlbach.at\/WordPress\/wp-content\/uploads\/wissenstestspiel-bronze.png\" alt=\"wissenstestspiel bronze\" width=\"66\" height=\"89\" \/><img loading=\"lazy\" decoding=\"async\" class=\"alignnone size-medium wp-image-1454\" src=\"http:\/\/www.ff-muehlbach.at\/WordPress\/wp-content\/uploads\/wissenstest-spiel-silber.png\" alt=\"wissenstest spiel silber\" width=\"66\" height=\"89\" \/><\/p>\n<p><span style=\"font-size: x-large;\"><span lang=\"de-DE\">\u00a0 \u00a0 Bronze \u00a0 \u00a0 \u00a0 \u00a0Silber<\/span><\/span><\/p>\n<p lang=\"de-DE\"><img loading=\"lazy\" decoding=\"async\" class=\"alignnone  wp-image-1441\" src=\"http:\/\/www.ff-muehlbach.at\/WordPress\/wp-content\/uploads\/Bewerbsabzeichen-Bronze.png\" alt=\"Bewerbsabzeichen Bronze\" width=\"76\" height=\"96\" \/><img loading=\"lazy\" decoding=\"async\" class=\"alignnone  wp-image-1442\" src=\"http:\/\/www.ff-muehlbach.at\/WordPress\/wp-content\/uploads\/Bewerbsabzeichen-Silber.png\" alt=\"Bewerbsabzeichen Silber\" width=\"80\" height=\"99\" \/><\/p>\n<p><span style=\"font-family: 'Times New Roman', serif;\"><span style=\"font-size: x-large;\"><b>Feuerwehrjugendbewerbsabzeichen<\/b><\/span><\/span><\/p>\n<p><span style=\"font-family: 'Times New Roman', serif;\"><span style=\"font-size: medium;\">Um Jugendfeuerwehrm\u00e4nner\/Jugendfeuerwehrm\u00e4dchen (JFM) der N\u00d6 Feuerwehren im Alter zwischen 10 und 12 Jahren die M\u00f6glichkeit zu geben, das im Rahmen der Feuerwehrjugendarbeit erworbene K\u00f6nnen \u00f6ffentlich und im Vergleich mit anderen JFM unter Beweis zu stellen, k\u00f6nnen JFM am Bewerb um das N\u00d6 Feuerwehrjugendbewerbsabzeichen (FJBA) teilnehmen. Bei diesem Einzelbewerb k\u00f6nnen JFM das N\u00d6 Feuerwehrjugendbewerbsabzeichen (FJBA) erwerben.<\/span><\/span><\/p>\n<p>&nbsp;<\/p>\n<p><a href=\"http:\/\/www.ff-muehlbach.at\/WordPress\/wp-content\/uploads\/Leistungsabzeichen-Silber.png\"><img loading=\"lazy\" decoding=\"async\" class=\"alignnone size-medium wp-image-1446\" src=\"http:\/\/www.ff-muehlbach.at\/WordPress\/wp-content\/uploads\/Leistungsabzeichen-Bronze.png\" alt=\"Leistungsabzeichen Bronze\" width=\"119\" height=\"133\" \/><img loading=\"lazy\" decoding=\"async\" class=\"alignnone  wp-image-1447\" src=\"http:\/\/www.ff-muehlbach.at\/WordPress\/wp-content\/uploads\/Leistungsabzeichen-Silber.png\" alt=\"Leistungsabzeichen Silber\" width=\"122\" height=\"137\" \/><\/a><\/p>\n<p><span style=\"font-family: 'Times New Roman', serif;\"><span style=\"font-size: x-large;\"><b>Feuerwehrjugendleistungsbewerb<\/b><\/span><\/span><\/p>\n<p><span style=\"font-family: 'Times New Roman', serif;\"><span style=\"font-size: medium;\">Der Feuerwehrjugendleistungsbewerb ist ein Gruppenbewerb f\u00fcr 9 Jugendliche und einen Reservemann. Beim Bewerb um des Feuerwehrjugendleistungsabzeichen in Bronze, ist jedem seine Position bekannt. Beim Bewerb um das Jugendleistungsabzeichen (FJLA) in Silber werden die einzelnen Positionen vorher gelost. Er besteht aus einer Hindernisstrecke und dem Staffellauf.<\/span><\/span><\/p>\n<p>&nbsp;<\/p>\n<p align=\"CENTER\"><span style=\"font-family: 'Times New Roman', serif;\"><span style=\"font-size: xx-large;\"><b>Erprobung<\/b><\/span><\/span><\/p>\n<p><span style=\"font-family: 'Times New Roman', serif;\"><span style=\"font-size: large;\">Die Ausbildung der Feuerwehrjugend wird in verschiedenen Leistungsnachweisen gefestigt und ist bereits Teil der Grundausbildung f\u00fcr das aktive Feuerwehrmitglied.<\/p>\n<p><\/span><\/span><span style=\"font-family: 'Times New Roman', serif;\"><span style=\"font-size: large;\"><span style=\"text-decoration: underline;\"><b>Erprobung:<\/b><\/span><\/span><\/span><\/p>\n<p><span style=\"font-family: 'Times New Roman', serif;\"><span style=\"font-size: large;\">Bei Eintritt in die Feuerwehrjugendgruppe erh\u00e4lt das neue Mitglied das Erprobungsabzeichen<br \/>\n<\/span><\/span><span style=\"font-family: 'Times New Roman', serif;\"><span style=\"font-size: medium;\"><br \/>\n<img loading=\"lazy\" decoding=\"async\" class=\"alignnone size-medium wp-image-1467\" src=\"http:\/\/www.ff-muehlbach.at\/WordPress\/wp-content\/uploads\/Erprobung.png\" alt=\"Erprobung\" width=\"81\" height=\"81\" \/><br \/>\n<\/span><\/span><span style=\"font-family: 'Times New Roman', serif;\"><span style=\"font-size: large;\"><span style=\"text-decoration: underline;\"><b>1. Erprobung:<\/b><\/span><\/span><\/span><\/p>\n<p><span style=\"font-family: 'Times New Roman', serif;\"><span style=\"font-size: large;\">Nach Ablegung der 1. Erprobung erh\u00e4lt das Feuerwehrjugendmitglied das 1. Erprobungszeichen<br \/>\n<\/span><\/span><span style=\"font-family: 'Times New Roman', serif;\"><span style=\"font-size: medium;\"><br \/>\n<\/span><\/span><span style=\"font-family: 'Times New Roman', serif;\"><span style=\"font-size: medium;\"><span style=\"text-decoration: underline;\"><b><img loading=\"lazy\" decoding=\"async\" class=\"alignnone size-full wp-image-1464\" src=\"http:\/\/www.ff-muehlbach.at\/WordPress\/wp-content\/uploads\/1-Erprobung.png\" alt=\"1 Erprobung\" width=\"81\" height=\"81\" \/><\/b><\/span><\/span><\/span><\/p>\n<p><span style=\"font-family: 'Times New Roman', serif;\"><span style=\"font-size: large;\"><span style=\"text-decoration: underline;\"><b>2. Erprobung:<\/b><\/span><\/span><\/span><\/p>\n<p><span style=\"font-family: 'Times New Roman', serif;\"><span style=\"font-size: large;\">Nach Ablegung der 2. Erprobung erh\u00e4lt das Feuerwehrjugendmitglied das 2. Erprobungszeichen<br \/>\n<\/span><\/span><span style=\"font-family: 'Times New Roman', serif;\"><span style=\"font-size: medium;\"><br \/>\n<img loading=\"lazy\" decoding=\"async\" class=\"alignnone size-medium wp-image-1465\" src=\"http:\/\/www.ff-muehlbach.at\/WordPress\/wp-content\/uploads\/2Erprobung.png\" alt=\"2Erprobung\" width=\"81\" height=\"81\" \/><br \/>\n<\/span><\/span><span style=\"font-family: 'Times New Roman', serif;\"><span style=\"font-size: large;\"><span style=\"text-decoration: underline;\"><b>3. Erprobung:<\/b><\/span><\/span><\/span><\/p>\n<p><span style=\"font-family: 'Times New Roman', serif;\"><span style=\"font-size: large;\">Nach Ablegung der 3. Erprobung erh\u00e4lt das Feuerwehrjugendmitglied das 3. Erprobungszeichen<\/span><\/span><\/p>\n<p><a href=\"http:\/\/www.ff-muehlbach.at\/WordPress\/wp-content\/uploads\/3Erprobung.png\"><img loading=\"lazy\" decoding=\"async\" class=\"alignnone size-medium wp-image-1466\" src=\"http:\/\/www.ff-muehlbach.at\/WordPress\/wp-content\/uploads\/3Erprobung.png\" alt=\"3Erprobung\" width=\"81\" height=\"81\" \/><\/a><\/p>\n<p><span style=\"font-family: 'Times New Roman', serif;\"><span style=\"font-size: large;\"><span style=\"text-decoration: underline;\"><b>Gruppenkommandant:<\/b><\/span><\/span><\/span><\/p>\n<p><span style=\"font-family: 'Times New Roman', serif;\"><span style=\"font-size: large;\">Der durch den Jugendbetreuer bestimmte Gruppenkommandant der Feuerwehrjugendgruppe erh\u00e4lt das Gruppenkommandantenabzeichen<br \/>\n<\/span><\/span><\/p>\n<p><img loading=\"lazy\" decoding=\"async\" class=\"alignnone size-medium wp-image-1468\" src=\"http:\/\/www.ff-muehlbach.at\/WordPress\/wp-content\/uploads\/Gruppenkomandant.png\" alt=\"Gruppenkomandant\" width=\"81\" height=\"81\" \/><\/p>\n<p>&nbsp;<\/p>\n<p>&nbsp;<\/p>\n<p>&nbsp;<\/p>\n<p>&nbsp;<\/p>\n","protected":false},"excerpt":{"rendered":"<p>Die Abzeichen diversere Spiele k\u00f6nnen von 10 bis 11 j\u00e4hrigen Feuerwehrmitgliedern erworben werden. \u00a0 Feuerwehrsicherheit und Erste Hilfe &#8211; Spiel Dabei muss das 10 bis 11j\u00e4hrige Mitglied der Feuerwehrjugend folgende Kenntnisse nachweisen: \uf0b7 Unfallverh\u00fctung in der Feuerwehrjugend \uf0b7 Sicherheit in der Feuerwehrjugend \uf0b7 Erste Hilfe in der Feuerwehrjugend\uf0b7 Erste Hilfe-Ma\u00dfnahmen Nach positiver Absolvierung erh\u00e4lt der &hellip; <a href=\"http:\/\/www.ff-muehlbach.at\/WordPress\/?page_id=1440\" class=\"more-link\"><span class=\"screen-reader-text\">Ausbildung<\/span> weiterlesen <span class=\"meta-nav\">&rarr;<\/span><\/a><\/p>\n","protected":false},"author":1,"featured_media":0,"parent":0,"menu_order":0,"comment_status":"closed","ping_status":"open","template":"","meta":{"ngg_post_thumbnail":0,"footnotes":""},"class_list":["post-1440","page","type-page","status-publish","hentry"],"_links":{"self":[{"href":"http:\/\/www.ff-muehlbach.at\/WordPress\/index.php?rest_route=\/wp\/v2\/pages\/1440","targetHints":{"allow":["GET"]}}],"collection":[{"href":"http:\/\/www.ff-muehlbach.at\/WordPress\/index.php?rest_route=\/wp\/v2\/pages"}],"about":[{"href":"http:\/\/www.ff-muehlbach.at\/WordPress\/index.php?rest_route=\/wp\/v2\/types\/page"}],"author":[{"embeddable":true,"href":"http:\/\/www.ff-muehlbach.at\/WordPress\/index.php?rest_route=\/wp\/v2\/users\/1"}],"replies":[{"embeddable":true,"href":"http:\/\/www.ff-muehlbach.at\/WordPress\/index.php?rest_route=%2Fwp%2Fv2%2Fcomments&post=1440"}],"version-history":[{"count":6,"href":"http:\/\/www.ff-muehlbach.at\/WordPress\/index.php?rest_route=\/wp\/v2\/pages\/1440\/revisions"}],"predecessor-version":[{"id":1463,"href":"http:\/\/www.ff-muehlbach.at\/WordPress\/index.php?rest_route=\/wp\/v2\/pages\/1440\/revisions\/1463"}],"wp:attachment":[{"href":"http:\/\/www.ff-muehlbach.at\/WordPress\/index.php?rest_route=%2Fwp%2Fv2%2Fmedia&parent=1440"}],"curies":[{"name":"wp","href":"https:\/\/api.w.org\/{rel}","templated":true}]}}