{"id":118,"date":"2012-05-09T16:43:29","date_gmt":"2012-05-09T16:43:29","guid":{"rendered":"http:\/\/www.ff-muehlbach.at\/WordPress\/?page_id=118"},"modified":"2023-03-21T01:39:16","modified_gmt":"2023-03-20T23:39:16","slug":"ff-jugend","status":"publish","type":"page","link":"http:\/\/www.ff-muehlbach.at\/WordPress\/?page_id=118","title":{"rendered":"Feuerwehrjugend"},"content":{"rendered":"<p><img decoding=\"async\" src=\"http:\/\/www.ff-muehlbach.at\/WordPress\/wp-content\/uploads\/ff-logo-jugend.png\" alt=\"IMG_5802\" \/><\/p>\n<p><span style=\"color: #000080;\"><em>Im Jahr 2009 wurden erstmals gemeinsam mit der FF-Jugend Stettenhof Jugendliche aus M\u00fchlbach und Ronthal ausgebildet. Seit 2011 gibt es die eigenst\u00e4ndige Feuerwehrjugend der FF M\u00fchlbach am Manhartsberg.<\/em><\/span><\/p>\n<h2>Feuerwehrjugend \u2013 ein starkes St\u00fcck Freizeit<\/h2>\n<h1>Komm auch du zur Feuerwehr!<\/h1>\n<p>Die Freiwilligen Feuerwehren leisten in Nieder\u00f6sterreich wertvolle Arbeit &#8211; in der Freizeit! Denn die Mitglieder der Freiwilligen Feuerwehren haben alle irgendeinen Beruf und arbeiten bei der Freiwilligen Feuerwehr ehrenamtlich in ihrer Freizeit.<\/p>\n<p style=\"text-align: center;\"><img loading=\"lazy\" decoding=\"async\" class=\"alignnone  wp-image-1479\" src=\"http:\/\/www.ff-muehlbach.at\/WordPress\/wp-content\/uploads\/Fj.png\" alt=\"Fj\" width=\"104\" height=\"127\" \/><\/p>\n<ul>\n<li>Willst du mit gleichaltrigen zusammen sein?<\/li>\n<li>Willst du erfahren, was zusammenarbeiten hei\u00dft?<\/li>\n<li>Willst du mit hochwertigen technischen Ger\u00e4ten arbeiten?<\/li>\n<li>Willst du &#8220;mit dem Feuer spielen&#8221; indem du lernst es zu bezwingen, zu bewachen?<\/li>\n<li>Willst du an Zeltlagern mit \u00fcber 4000 Feuerwehrleuten teilnehmen?<\/li>\n<li>Willst du lernen, anderen in ihrer Not zu helfen?<\/li>\n<li>Willst Du &#8211; in deiner Freizeit &#8211; Mitglied der Freiwilligen Feuerwehr werden?<\/li>\n<\/ul>\n<p><strong>Unsere Jugendstunden werden zumeist an Freitag Abenden ab 18 Uhr 30 im Feuerwehrhaus in M\u00fchlbach abgehalten.<br \/>\n<\/strong><\/p>\n","protected":false},"excerpt":{"rendered":"<p>Im Jahr 2009 wurden erstmals gemeinsam mit der FF-Jugend Stettenhof Jugendliche aus M\u00fchlbach und Ronthal ausgebildet. Seit 2011 gibt es die eigenst\u00e4ndige Feuerwehrjugend der FF M\u00fchlbach am Manhartsberg. Feuerwehrjugend \u2013 ein starkes St\u00fcck Freizeit Komm auch du zur Feuerwehr! Die Freiwilligen Feuerwehren leisten in Nieder\u00f6sterreich wertvolle Arbeit &#8211; in der Freizeit! Denn die Mitglieder der &hellip; <a href=\"http:\/\/www.ff-muehlbach.at\/WordPress\/?page_id=118\" class=\"more-link\"><span class=\"screen-reader-text\">Feuerwehrjugend<\/span> weiterlesen <span class=\"meta-nav\">&rarr;<\/span><\/a><\/p>\n","protected":false},"author":1,"featured_media":1416,"parent":0,"menu_order":0,"comment_status":"closed","ping_status":"open","template":"","meta":{"ngg_post_thumbnail":0,"footnotes":""},"class_list":["post-118","page","type-page","status-publish","has-post-thumbnail","hentry"],"_links":{"self":[{"href":"http:\/\/www.ff-muehlbach.at\/WordPress\/index.php?rest_route=\/wp\/v2\/pages\/118","targetHints":{"allow":["GET"]}}],"collection":[{"href":"http:\/\/www.ff-muehlbach.at\/WordPress\/index.php?rest_route=\/wp\/v2\/pages"}],"about":[{"href":"http:\/\/www.ff-muehlbach.at\/WordPress\/index.php?rest_route=\/wp\/v2\/types\/page"}],"author":[{"embeddable":true,"href":"http:\/\/www.ff-muehlbach.at\/WordPress\/index.php?rest_route=\/wp\/v2\/users\/1"}],"replies":[{"embeddable":true,"href":"http:\/\/www.ff-muehlbach.at\/WordPress\/index.php?rest_route=%2Fwp%2Fv2%2Fcomments&post=118"}],"version-history":[{"count":18,"href":"http:\/\/www.ff-muehlbach.at\/WordPress\/index.php?rest_route=\/wp\/v2\/pages\/118\/revisions"}],"predecessor-version":[{"id":3431,"href":"http:\/\/www.ff-muehlbach.at\/WordPress\/index.php?rest_route=\/wp\/v2\/pages\/118\/revisions\/3431"}],"wp:featuredmedia":[{"embeddable":true,"href":"http:\/\/www.ff-muehlbach.at\/WordPress\/index.php?rest_route=\/wp\/v2\/media\/1416"}],"wp:attachment":[{"href":"http:\/\/www.ff-muehlbach.at\/WordPress\/index.php?rest_route=%2Fwp%2Fv2%2Fmedia&parent=118"}],"curies":[{"name":"wp","href":"https:\/\/api.w.org\/{rel}","templated":true}]}}